{"id":904,"date":"2026-01-14T21:01:31","date_gmt":"2026-01-14T21:01:31","guid":{"rendered":"https:\/\/lacuinaproductosyservicios.com\/?post_type=product&#038;p=904"},"modified":"2026-01-14T21:01:32","modified_gmt":"2026-01-14T21:01:32","slug":"consola-de-juegos-retro-m22-ultra-edicion-especial-con-control-inalambrico-52-emuladores-mas-de-30-000-juegos-1080p-hd-y-64-gb-de-almacenamiento","status":"publish","type":"product","link":"https:\/\/lacuinaproductosyservicios.com\/index.php\/producto\/consola-de-juegos-retro-m22-ultra-edicion-especial-con-control-inalambrico-52-emuladores-mas-de-30-000-juegos-1080p-hd-y-64-gb-de-almacenamiento\/","title":{"rendered":"Consola de juegos retro M22 Ultra, edici\u00f3n especial, con control inal\u00e1mbrico, 52 emuladores, m\u00e1s de 30 000 juegos, 1080P HD y 64 GB de almacenamiento."},"content":{"rendered":"<ul class=\"a-unordered-list a-vertical a-spacing-mini\">\n<li class=\"a-spacing-mini\"><span class=\"a-list-item\"><span dir=\"auto\">BIBLIOTECA DE JUEGOS: Enorme colecci\u00f3n de m\u00e1s de 30 000 juegos retro en 52 emuladores, que ofrece infinitas opciones de entretenimiento para jugadores de todas las edades.<\/span><\/span><\/li>\n<li class=\"a-spacing-mini\"><span class=\"a-list-item\"><span dir=\"auto\">GR\u00c1FICOS HD: La salida de alta definici\u00f3n 1080P n\u00edtida garantiza im\u00e1genes n\u00edtidas y vibrantes para una experiencia de juego mejorada.<\/span><\/span><\/li>\n<li class=\"a-spacing-mini\"><span class=\"a-list-item\"><span dir=\"auto\">CAPACIDAD DE ALMACENAMIENTO: El generoso espacio de almacenamiento integrado de 64 GB le permite guardar m\u00faltiples archivos de juegos y mantener extensas bibliotecas de juegos.<\/span><\/span><\/li>\n<li class=\"a-spacing-mini\"><span class=\"a-list-item\"><span dir=\"auto\">CONTROLADOR INAL\u00c1MBRICO: Incluye un c\u00f3modo gamepad inal\u00e1mbrico para un juego sin restricciones desde tu posici\u00f3n preferida<\/span><\/span><\/li>\n<li class=\"a-spacing-mini\"><span class=\"a-list-item\"><span dir=\"auto\">PLUG-AND-PLAY: el dise\u00f1o del dispositivo de TV permite una configuraci\u00f3n r\u00e1pida y una conexi\u00f3n f\u00e1cil a su televisor para acceso instant\u00e1neo a juegos<\/span><\/span><\/li>\n<li class=\"a-spacing-mini\"><span class=\"a-list-item\"><span dir=\"auto\">Compacto y port\u00e1til: su dise\u00f1o liviano hace que sea f\u00e1cil de transportar y disfrutar en cualquier lugar.<\/span><\/span><\/li>\n<li class=\"a-spacing-mini\"><span class=\"a-list-item\"><span dir=\"auto\">Perfecto para familias y ni\u00f1os: gran colecci\u00f3n de juegos retro y modernos adecuados para todas las edades.<\/span><\/span><\/li>\n<\/ul>\n","protected":false},"excerpt":{"rendered":"<p>BIBLIOTECA DE JUEGOS: Enorme colecci\u00f3n de m\u00e1s de 30 000 juegos retro en 52 emuladores, que ofrece infinitas opciones de entretenimiento para jugadores de todas las edades. GR\u00c1FICOS HD: La salida de alta definici\u00f3n 1080P n\u00edtida garantiza im\u00e1genes n\u00edtidas y vibrantes para una experiencia de juego mejorada. CAPACIDAD DE ALMACENAMIENTO: El generoso espacio de almacenamiento&#8230;<\/p>\n","protected":false},"featured_media":905,"comment_status":"open","ping_status":"closed","template":"","meta":{"_kad_post_transparent":"default","_kad_post_title":"","_kad_post_layout":"default","_kad_post_sidebar_id":"","_kad_post_content_style":"default","_kad_post_vertical_padding":"default","_kad_post_feature":"","_kad_post_feature_position":"","_kad_post_header":false,"_kad_post_footer":false,"_kad_post_classname":""},"product_brand":[],"product_cat":[24],"product_tag":[],"class_list":{"0":"post-904","1":"product","2":"type-product","3":"status-publish","4":"has-post-thumbnail","6":"product_cat-gaming-y-streaming","8":"first","9":"instock","10":"shipping-taxable","11":"purchasable","12":"product-type-simple","13":"entry","14":"content-bg","15":"loop-entry"},"_links":{"self":[{"href":"https:\/\/lacuinaproductosyservicios.com\/index.php\/wp-json\/wp\/v2\/product\/904","targetHints":{"allow":["GET"]}}],"collection":[{"href":"https:\/\/lacuinaproductosyservicios.com\/index.php\/wp-json\/wp\/v2\/product"}],"about":[{"href":"https:\/\/lacuinaproductosyservicios.com\/index.php\/wp-json\/wp\/v2\/types\/product"}],"replies":[{"embeddable":true,"href":"https:\/\/lacuinaproductosyservicios.com\/index.php\/wp-json\/wp\/v2\/comments?post=904"}],"wp:featuredmedia":[{"embeddable":true,"href":"https:\/\/lacuinaproductosyservicios.com\/index.php\/wp-json\/wp\/v2\/media\/905"}],"wp:attachment":[{"href":"https:\/\/lacuinaproductosyservicios.com\/index.php\/wp-json\/wp\/v2\/media?parent=904"}],"wp:term":[{"taxonomy":"product_brand","embeddable":true,"href":"https:\/\/lacuinaproductosyservicios.com\/index.php\/wp-json\/wp\/v2\/product_brand?post=904"},{"taxonomy":"product_cat","embeddable":true,"href":"https:\/\/lacuinaproductosyservicios.com\/index.php\/wp-json\/wp\/v2\/product_cat?post=904"},{"taxonomy":"product_tag","embeddable":true,"href":"https:\/\/lacuinaproductosyservicios.com\/index.php\/wp-json\/wp\/v2\/product_tag?post=904"}],"curies":[{"name":"wp","href":"https:\/\/api.w.org\/{rel}","templated":true}]}}