{"id":915,"date":"2026-01-14T21:26:28","date_gmt":"2026-01-14T21:26:28","guid":{"rendered":"https:\/\/lacuinaproductosyservicios.com\/?post_type=product&#038;p=915"},"modified":"2026-01-14T21:26:28","modified_gmt":"2026-01-14T21:26:28","slug":"hidrolavadora-portatil-mox-mo-lp99-rec-2-bat","status":"publish","type":"product","link":"https:\/\/lacuinaproductosyservicios.com\/index.php\/producto\/hidrolavadora-portatil-mox-mo-lp99-rec-2-bat\/","title":{"rendered":"HIDROLAVADORA PORTATIL MOX MO-LP99 \/ REC \/ 2 BAT"},"content":{"rendered":"<p>Marca: MOX<br \/>\nModelo: MO-LP99<br \/>\nColor: Negro<br \/>\nCaracter\u00edsticas: Dise\u00f1o ergon\u00f3mico para f\u00e1cil manejo y almacenamiento<br \/>\nBater\u00eda: Recargable<br \/>\nDuraci\u00f3n de la bater\u00eda:<br \/>\nAproximadamente 17 minutos<br \/>\nTiempo de recarga: Aproximadamente 2 horas<br \/>\nAlimentaci\u00f3n: Atrav\u00e9s da entrada DC<br \/>\nVoltaje: 100 &#8211; 240 V ~ 50\/60 Hz<br \/>\nInvluye:<br \/>\nManguera &#8211; Botella para detergente &#8211; Fuente de alimentaci\u00f3n &#8211; Filtro &#8211; Manual<\/p>\n","protected":false},"excerpt":{"rendered":"<p>Marca: MOX Modelo: MO-LP99 Color: Negro Caracter\u00edsticas: Dise\u00f1o ergon\u00f3mico para f\u00e1cil manejo y almacenamiento Bater\u00eda: Recargable Duraci\u00f3n de la bater\u00eda: Aproximadamente 17 minutos Tiempo de recarga: Aproximadamente 2 horas Alimentaci\u00f3n: Atrav\u00e9s da entrada DC Voltaje: 100 &#8211; 240 V ~ 50\/60 Hz Invluye: Manguera &#8211; Botella para detergente &#8211; Fuente de alimentaci\u00f3n &#8211; Filtro &#8211;&#8230;<\/p>\n","protected":false},"featured_media":916,"comment_status":"open","ping_status":"closed","template":"","meta":{"_kad_post_transparent":"default","_kad_post_title":"","_kad_post_layout":"default","_kad_post_sidebar_id":"","_kad_post_content_style":"default","_kad_post_vertical_padding":"default","_kad_post_feature":"","_kad_post_feature_position":"","_kad_post_header":false,"_kad_post_footer":false,"_kad_post_classname":""},"product_brand":[],"product_cat":[25],"product_tag":[],"class_list":{"0":"post-915","1":"product","2":"type-product","3":"status-publish","4":"has-post-thumbnail","6":"product_cat-herramientas","8":"first","9":"instock","10":"shipping-taxable","11":"purchasable","12":"product-type-simple","13":"entry","14":"content-bg","15":"loop-entry"},"_links":{"self":[{"href":"https:\/\/lacuinaproductosyservicios.com\/index.php\/wp-json\/wp\/v2\/product\/915","targetHints":{"allow":["GET"]}}],"collection":[{"href":"https:\/\/lacuinaproductosyservicios.com\/index.php\/wp-json\/wp\/v2\/product"}],"about":[{"href":"https:\/\/lacuinaproductosyservicios.com\/index.php\/wp-json\/wp\/v2\/types\/product"}],"replies":[{"embeddable":true,"href":"https:\/\/lacuinaproductosyservicios.com\/index.php\/wp-json\/wp\/v2\/comments?post=915"}],"wp:featuredmedia":[{"embeddable":true,"href":"https:\/\/lacuinaproductosyservicios.com\/index.php\/wp-json\/wp\/v2\/media\/916"}],"wp:attachment":[{"href":"https:\/\/lacuinaproductosyservicios.com\/index.php\/wp-json\/wp\/v2\/media?parent=915"}],"wp:term":[{"taxonomy":"product_brand","embeddable":true,"href":"https:\/\/lacuinaproductosyservicios.com\/index.php\/wp-json\/wp\/v2\/product_brand?post=915"},{"taxonomy":"product_cat","embeddable":true,"href":"https:\/\/lacuinaproductosyservicios.com\/index.php\/wp-json\/wp\/v2\/product_cat?post=915"},{"taxonomy":"product_tag","embeddable":true,"href":"https:\/\/lacuinaproductosyservicios.com\/index.php\/wp-json\/wp\/v2\/product_tag?post=915"}],"curies":[{"name":"wp","href":"https:\/\/api.w.org\/{rel}","templated":true}]}}